{"id":302,"date":"2024-03-04T23:09:04","date_gmt":"2024-03-04T23:09:04","guid":{"rendered":"http:\/\/dennis-wolter.de\/?page_id=302"},"modified":"2024-03-04T23:12:30","modified_gmt":"2024-03-04T23:12:30","slug":"gesundheitsmanagement","status":"publish","type":"page","link":"http:\/\/dennis-wolter.de\/?page_id=302","title":{"rendered":"Gesundheitsmanagement"},"content":{"rendered":"\n<p>Diese Seite befindet sich noch im Aufbau. Auf Anfrage erl\u00e4utere ich Ihnen gern unverbindlich mein Verst\u00e4ndnis von Gesundheitsmanagement und mein individuelles Angebot f\u00fcr Sie.<\/p>\n\n\n\n<p>Herzlichst,<\/p>\n\n\n\n<p>Dennis Wolter<\/p>\n","protected":false},"excerpt":{"rendered":"<p>Diese Seite befindet sich noch im Aufbau. Auf Anfrage erl\u00e4utere ich Ihnen gern unverbindlich mein Verst\u00e4ndnis von Gesundheitsmanagement und mein individuelles Angebot f\u00fcr Sie. Herzlichst, Dennis Wolter<\/p>\n","protected":false},"author":1,"featured_media":0,"parent":0,"menu_order":0,"comment_status":"closed","ping_status":"closed","template":"","meta":{"_monsterinsights_skip_tracking":false,"_monsterinsights_sitenote_active":false,"_monsterinsights_sitenote_note":"","_monsterinsights_sitenote_category":0,"footnotes":""},"class_list":["post-302","page","type-page","status-publish","hentry"],"_links":{"self":[{"href":"http:\/\/dennis-wolter.de\/index.php?rest_route=\/wp\/v2\/pages\/302","targetHints":{"allow":["GET"]}}],"collection":[{"href":"http:\/\/dennis-wolter.de\/index.php?rest_route=\/wp\/v2\/pages"}],"about":[{"href":"http:\/\/dennis-wolter.de\/index.php?rest_route=\/wp\/v2\/types\/page"}],"author":[{"embeddable":true,"href":"http:\/\/dennis-wolter.de\/index.php?rest_route=\/wp\/v2\/users\/1"}],"replies":[{"embeddable":true,"href":"http:\/\/dennis-wolter.de\/index.php?rest_route=%2Fwp%2Fv2%2Fcomments&post=302"}],"version-history":[{"count":2,"href":"http:\/\/dennis-wolter.de\/index.php?rest_route=\/wp\/v2\/pages\/302\/revisions"}],"predecessor-version":[{"id":311,"href":"http:\/\/dennis-wolter.de\/index.php?rest_route=\/wp\/v2\/pages\/302\/revisions\/311"}],"wp:attachment":[{"href":"http:\/\/dennis-wolter.de\/index.php?rest_route=%2Fwp%2Fv2%2Fmedia&parent=302"}],"curies":[{"name":"wp","href":"https:\/\/api.w.org\/{rel}","templated":true}]}}