{"id":43,"date":"2018-09-20T07:47:52","date_gmt":"2018-09-20T07:47:52","guid":{"rendered":"http:\/\/dennis-wolter.de\/?page_id=43"},"modified":"2019-08-09T12:57:37","modified_gmt":"2019-08-09T12:57:37","slug":"teilnahmebedingungen","status":"publish","type":"page","link":"http:\/\/dennis-wolter.de\/?page_id=43","title":{"rendered":"Teilnahmebedingungen"},"content":{"rendered":"<h1><strong>Teilnahmebedingungen<\/strong><\/h1>\n<p><b>Ablauf der Buchung<br \/><\/b>Nach unverbindlicher Buchung einer Ma\u00dfnahme bei Dennis Wolter (Auftragnehmer) per Telefon oder E-Mail (Kontakt) erh\u00e4lt der Auftraggeber ein verbindliches Angebot mit Buchungsbest\u00e4tigung. Nach vollst\u00e4ndigem Eingang der Unterlagen beim Auftragnehmer ist die Buchung verbindlich. Es folgt eine pers\u00f6nliche Absprache von Ort, Termin, Zeiten und Inhalten der Ma\u00dfnahme. Anschlie\u00dfend erh\u00e4lt der Auftraggeber einen detaillierten Ma\u00dfnahmenplan. Sollte der Ort der Ma\u00dfnahme au\u00dferhalb der Arbeitsst\u00e4tte des Auftraggebers liegen, ist dieser zus\u00e4tzlich in beiderseitigem Einvernehmen zu bestimmen, die entstehenden Kosten tr\u00e4gt der Auftraggeber.<\/p>\n<p><b>Honorarkosten und Rechnung<br \/><\/b>Die Honorarkosten des Auftragnehmers ergeben sich aus seinen Arbeitskosten (Planung, Konzeption, Durchf\u00fchrung der Ma\u00dfnahme, Erstellung einer Arbeitsdokumentation) und den entstandenen Materialkosten (Papier, Toner, Stifte, etc.). Nach Abschluss der Ma\u00dfnahme erfolgt die Rechnungsstellung der Honorarkosten, welche ohne Abzug sofort f\u00e4llig sind und sich zzgl. MwSt. verstehen.<\/p>\n<p><b>Stornierung und Absage<br \/><\/b>Bei Stornierung vom 27. bis zum 14. Kalendertag vor Ma\u00dfnahmebeginn wird eine Bearbeitungsgeb\u00fchr in H\u00f6he von 25 Prozent der Honorarkosten zzgl. MwSt. durch den Auftragnehmer berechnet. Bei einer Stornierung innerhalb von 14 Kalendertagen vor Ma\u00dfnahmebeginn sowie bei Nichterscheinen zur Ma\u00dfnahme sind die Honorarkosten in voller H\u00f6he zu zahlen. ErsatzteilnehmerInnen k\u00f6nnen jederzeit &#8211; auch noch am Tag der Ma\u00dfnahme selbst &#8211; benannt werden. Der Auftragnehmer selbst ist nur aus wichtigen Gr\u00fcnden zur Absage der Ma\u00dfnahme berechtigt, in diesem Fall erfolgt keine Rechnungsstellung. Haftungs- und Schadensersatzanspr\u00fcche sind ausgeschlossen<b>, <\/b>soweit sie nicht auf Vorsatz und grober Fahrl\u00e4ssigkeit des Auftragnehmers beruhen.<\/p>\n<p>Gerichtsstand ist Hannover.<\/p>\n","protected":false},"excerpt":{"rendered":"<p>Teilnahmebedingungen Ablauf der BuchungNach unverbindlicher Buchung einer Ma\u00dfnahme bei Dennis Wolter (Auftragnehmer) per Telefon oder E-Mail (Kontakt) erh\u00e4lt der Auftraggeber ein verbindliches Angebot mit Buchungsbest\u00e4tigung. Nach vollst\u00e4ndigem Eingang der Unterlagen beim Auftragnehmer ist die Buchung verbindlich. Es folgt eine pers\u00f6nliche Absprache von Ort, Termin, Zeiten und Inhalten der Ma\u00dfnahme. Anschlie\u00dfend erh\u00e4lt der Auftraggeber einen detaillierten Ma\u00dfnahmenplan. Sollte der Ort der<\/p>\n<p><a class=\"more-link\" href=\"http:\/\/dennis-wolter.de\/?page_id=43\">Weiterlesen<\/a><\/p>\n","protected":false},"author":1,"featured_media":0,"parent":0,"menu_order":0,"comment_status":"closed","ping_status":"closed","template":"","meta":{"_monsterinsights_skip_tracking":false,"_monsterinsights_sitenote_active":false,"_monsterinsights_sitenote_note":"","_monsterinsights_sitenote_category":0,"footnotes":""},"class_list":["post-43","page","type-page","status-publish","hentry"],"_links":{"self":[{"href":"http:\/\/dennis-wolter.de\/index.php?rest_route=\/wp\/v2\/pages\/43","targetHints":{"allow":["GET"]}}],"collection":[{"href":"http:\/\/dennis-wolter.de\/index.php?rest_route=\/wp\/v2\/pages"}],"about":[{"href":"http:\/\/dennis-wolter.de\/index.php?rest_route=\/wp\/v2\/types\/page"}],"author":[{"embeddable":true,"href":"http:\/\/dennis-wolter.de\/index.php?rest_route=\/wp\/v2\/users\/1"}],"replies":[{"embeddable":true,"href":"http:\/\/dennis-wolter.de\/index.php?rest_route=%2Fwp%2Fv2%2Fcomments&post=43"}],"version-history":[{"count":2,"href":"http:\/\/dennis-wolter.de\/index.php?rest_route=\/wp\/v2\/pages\/43\/revisions"}],"predecessor-version":[{"id":230,"href":"http:\/\/dennis-wolter.de\/index.php?rest_route=\/wp\/v2\/pages\/43\/revisions\/230"}],"wp:attachment":[{"href":"http:\/\/dennis-wolter.de\/index.php?rest_route=%2Fwp%2Fv2%2Fmedia&parent=43"}],"curies":[{"name":"wp","href":"https:\/\/api.w.org\/{rel}","templated":true}]}}