{"id":6,"date":"2018-09-09T07:45:59","date_gmt":"2018-09-09T07:45:59","guid":{"rendered":"http:\/\/dennis-wolter.de\/?page_id=6"},"modified":"2024-03-04T22:58:00","modified_gmt":"2024-03-04T22:58:00","slug":"gesundheits-coaching","status":"publish","type":"page","link":"http:\/\/dennis-wolter.de\/?page_id=6","title":{"rendered":"Gesundheitscoaching"},"content":{"rendered":"<p><img decoding=\"async\" title=\"_DSC1957_DxO\" src=\"http:\/\/dennis-wolter.de\/wp-content\/uploads\/elementor\/thumbs\/DSC1957_DxO-oc0ic9z23prx3ozm0r3yfws4nh49b2vrgbobqqnygc.jpg\" alt=\"_DSC1957_DxO\" \/><\/p>\n<p>Die zunehmende Beschleunigung und die st\u00e4ndigen Ver\u00e4nderungen unserer Lebenswelt stellen uns vor immer neue Herausforderungen. Leistungs- und Termindruck sind bereits allt\u00e4glich geworden und Stress-Folgeerkrankungen nehmen rasant zu. Deshalb wird es immer wichtiger geeignete Strategien zur Verbesserung und Erhaltung der eigenen Gesundheit, zu entwickeln! Denn beruflich, wie auch privat, jung oder alt, unsere Lebensqualit\u00e4t h\u00e4ngt ganz entscheidend vom Grad unserer Gesundheit ab!<\/p>\n<p>Ich unterst\u00fctze Sie gern bei diesem Prozess durch&#8230;<\/p>\n<p>\u2713 Analyse Ihres Gesundheitsstatus<br \/>\n\u2713 Entwicklung von Visionen und Zielen zur Verbesserung Ihres Wohlbefindens<br \/>\n\u2713 Professionelle Begleitung bei der Umsetzung Ihrer pers\u00f6nlichen Gesundheitsziele<\/p>\n","protected":false},"excerpt":{"rendered":"<p>Die zunehmende Beschleunigung und die st\u00e4ndigen Ver\u00e4nderungen unserer Lebenswelt stellen uns vor immer neue Herausforderungen. Leistungs- und Termindruck sind bereits allt\u00e4glich geworden und Stress-Folgeerkrankungen nehmen rasant zu. Deshalb wird es immer wichtiger geeignete Strategien zur Verbesserung und Erhaltung der eigenen Gesundheit, zu entwickeln! Denn beruflich, wie auch privat, jung oder alt, unsere Lebensqualit\u00e4t h\u00e4ngt ganz entscheidend vom Grad unserer Gesundheit<\/p>\n<p><a class=\"more-link\" href=\"http:\/\/dennis-wolter.de\/?page_id=6\">Weiterlesen<\/a><\/p>\n","protected":false},"author":1,"featured_media":0,"parent":0,"menu_order":0,"comment_status":"closed","ping_status":"closed","template":"","meta":{"_monsterinsights_skip_tracking":false,"_monsterinsights_sitenote_active":false,"_monsterinsights_sitenote_note":"","_monsterinsights_sitenote_category":0,"footnotes":""},"class_list":["post-6","page","type-page","status-publish","hentry"],"_links":{"self":[{"href":"http:\/\/dennis-wolter.de\/index.php?rest_route=\/wp\/v2\/pages\/6","targetHints":{"allow":["GET"]}}],"collection":[{"href":"http:\/\/dennis-wolter.de\/index.php?rest_route=\/wp\/v2\/pages"}],"about":[{"href":"http:\/\/dennis-wolter.de\/index.php?rest_route=\/wp\/v2\/types\/page"}],"author":[{"embeddable":true,"href":"http:\/\/dennis-wolter.de\/index.php?rest_route=\/wp\/v2\/users\/1"}],"replies":[{"embeddable":true,"href":"http:\/\/dennis-wolter.de\/index.php?rest_route=%2Fwp%2Fv2%2Fcomments&post=6"}],"version-history":[{"count":12,"href":"http:\/\/dennis-wolter.de\/index.php?rest_route=\/wp\/v2\/pages\/6\/revisions"}],"predecessor-version":[{"id":299,"href":"http:\/\/dennis-wolter.de\/index.php?rest_route=\/wp\/v2\/pages\/6\/revisions\/299"}],"wp:attachment":[{"href":"http:\/\/dennis-wolter.de\/index.php?rest_route=%2Fwp%2Fv2%2Fmedia&parent=6"}],"curies":[{"name":"wp","href":"https:\/\/api.w.org\/{rel}","templated":true}]}}